{"id":8013,"date":"2018-04-03T14:33:54","date_gmt":"2018-04-03T14:33:54","guid":{"rendered":"http:\/\/franchezcapinzon.com\/cursos\/?page_id=8013"},"modified":"2020-03-02T14:08:07","modified_gmt":"2020-03-02T20:08:07","slug":"cursos-franchezca-pinzon","status":"publish","type":"page","link":"https:\/\/franchezcapinzon.com\/cursos\/","title":{"rendered":"Cursos Franchezca pinzon"},"content":{"rendered":"<p>[vc_row][vc_column][vc_empty_space][\/vc_column][\/vc_row]<\/p>\n","protected":false},"excerpt":{"rendered":"<p>[vc_row][vc_column][vc_empty_space][\/vc_column][\/vc_row]<\/p>\n","protected":false},"author":1,"featured_media":7494,"parent":0,"menu_order":0,"comment_status":"closed","ping_status":"closed","template":"","meta":{"_bbp_topic_count":0,"_bbp_reply_count":0,"_bbp_total_topic_count":0,"_bbp_total_reply_count":0,"_bbp_voice_count":0,"_bbp_anonymous_reply_count":0,"_bbp_topic_count_hidden":0,"_bbp_reply_count_hidden":0,"_bbp_forum_subforum_count":0},"yoast_head":"<!-- This site is optimized with the Yoast SEO plugin v19.1 - https:\/\/yoast.com\/wordpress\/plugins\/seo\/ -->\n<title>Cursos para manejo del Dolor en la Espalda<\/title>\n<meta name=\"description\" content=\"Si sufre de dolor de espalda por estr\u00e9s, malas posturas del cuerpo o alguna otra afecci\u00f3n este curso le brindara mejoras en su calidad de vida. Reconexi\u00f3n Mente y Cuerpo.\" \/>\n<meta name=\"robots\" content=\"index, follow, max-snippet:-1, max-image-preview:large, max-video-preview:-1\" \/>\n<link rel=\"canonical\" href=\"https:\/\/franchezcapinzon.com\/cursos\/\" \/>\n<meta property=\"og:locale\" content=\"es_ES\" \/>\n<meta property=\"og:type\" content=\"article\" \/>\n<meta property=\"og:title\" content=\"Cursos para manejo del Dolor en la Espalda\" \/>\n<meta property=\"og:description\" content=\"Si sufre de dolor de espalda por estr\u00e9s, malas posturas del cuerpo o alguna otra afecci\u00f3n este curso le brindara mejoras en su calidad de vida. Reconexi\u00f3n Mente y Cuerpo.\" \/>\n<meta property=\"og:url\" content=\"https:\/\/franchezcapinzon.com\/cursos\/\" \/>\n<meta property=\"og:site_name\" content=\"Cursos Franchezca Pinzon\" \/>\n<meta property=\"article:publisher\" content=\"https:\/\/franchezcapinzon.com\/\" \/>\n<meta property=\"article:modified_time\" content=\"2020-03-02T20:08:07+00:00\" \/>\n<meta property=\"og:image\" content=\"https:\/\/franchezcapinzon.com\/cursos\/wp-content\/uploads\/2018\/03\/DSC_0548.jpg\" \/>\n\t<meta property=\"og:image:width\" content=\"1313\" \/>\n\t<meta property=\"og:image:height\" content=\"876\" \/>\n\t<meta property=\"og:image:type\" content=\"image\/jpeg\" \/>\n<meta name=\"twitter:card\" content=\"summary_large_image\" \/>\n<script type=\"application\/ld+json\" class=\"yoast-schema-graph\">{\"@context\":\"https:\/\/schema.org\",\"@graph\":[{\"@type\":\"WebSite\",\"@id\":\"https:\/\/franchezcapinzon.com\/cursos\/#website\",\"url\":\"https:\/\/franchezcapinzon.com\/cursos\/\",\"name\":\"Cursos Franchezca Pinzon\",\"description\":\"Plataforma de Cursos de Franchezca Pinzon\",\"potentialAction\":[{\"@type\":\"SearchAction\",\"target\":{\"@type\":\"EntryPoint\",\"urlTemplate\":\"https:\/\/franchezcapinzon.com\/cursos\/?s={search_term_string}\"},\"query-input\":\"required name=search_term_string\"}],\"inLanguage\":\"es\"},{\"@type\":\"ImageObject\",\"inLanguage\":\"es\",\"@id\":\"https:\/\/franchezcapinzon.com\/cursos\/#primaryimage\",\"url\":\"https:\/\/franchezcapinzon.com\/cursos\/wp-content\/uploads\/2018\/03\/DSC_0548.jpg\",\"contentUrl\":\"https:\/\/franchezcapinzon.com\/cursos\/wp-content\/uploads\/2018\/03\/DSC_0548.jpg\",\"width\":1313,\"height\":876},{\"@type\":\"WebPage\",\"@id\":\"https:\/\/franchezcapinzon.com\/cursos\/#webpage\",\"url\":\"https:\/\/franchezcapinzon.com\/cursos\/\",\"name\":\"Cursos para manejo del Dolor en la Espalda\",\"isPartOf\":{\"@id\":\"https:\/\/franchezcapinzon.com\/cursos\/#website\"},\"primaryImageOfPage\":{\"@id\":\"https:\/\/franchezcapinzon.com\/cursos\/#primaryimage\"},\"datePublished\":\"2018-04-03T14:33:54+00:00\",\"dateModified\":\"2020-03-02T20:08:07+00:00\",\"description\":\"Si sufre de dolor de espalda por estr\u00e9s, malas posturas del cuerpo o alguna otra afecci\u00f3n este curso le brindara mejoras en su calidad de vida. Reconexi\u00f3n Mente y Cuerpo.\",\"breadcrumb\":{\"@id\":\"https:\/\/franchezcapinzon.com\/cursos\/#breadcrumb\"},\"inLanguage\":\"es\",\"potentialAction\":[{\"@type\":\"ReadAction\",\"target\":[\"https:\/\/franchezcapinzon.com\/cursos\/\"]}]},{\"@type\":\"BreadcrumbList\",\"@id\":\"https:\/\/franchezcapinzon.com\/cursos\/#breadcrumb\",\"itemListElement\":[{\"@type\":\"ListItem\",\"position\":1,\"name\":\"Portada\",\"item\":\"https:\/\/franchezcapinzon.com\/cursos\/\"},{\"@type\":\"ListItem\",\"position\":2,\"name\":\"Cursos Franchezca pinzon\"}]}]}<\/script>\n<!-- \/ Yoast SEO plugin. -->","yoast_head_json":{"title":"Cursos para manejo del Dolor en la Espalda","description":"Si sufre de dolor de espalda por estr\u00e9s, malas posturas del cuerpo o alguna otra afecci\u00f3n este curso le brindara mejoras en su calidad de vida. Reconexi\u00f3n Mente y Cuerpo.","robots":{"index":"index","follow":"follow","max-snippet":"max-snippet:-1","max-image-preview":"max-image-preview:large","max-video-preview":"max-video-preview:-1"},"canonical":"https:\/\/franchezcapinzon.com\/cursos\/","og_locale":"es_ES","og_type":"article","og_title":"Cursos para manejo del Dolor en la Espalda","og_description":"Si sufre de dolor de espalda por estr\u00e9s, malas posturas del cuerpo o alguna otra afecci\u00f3n este curso le brindara mejoras en su calidad de vida. Reconexi\u00f3n Mente y Cuerpo.","og_url":"https:\/\/franchezcapinzon.com\/cursos\/","og_site_name":"Cursos Franchezca Pinzon","article_publisher":"https:\/\/franchezcapinzon.com\/","article_modified_time":"2020-03-02T20:08:07+00:00","og_image":[{"width":1313,"height":876,"url":"https:\/\/franchezcapinzon.com\/cursos\/wp-content\/uploads\/2018\/03\/DSC_0548.jpg","type":"image\/jpeg"}],"twitter_card":"summary_large_image","schema":{"@context":"https:\/\/schema.org","@graph":[{"@type":"WebSite","@id":"https:\/\/franchezcapinzon.com\/cursos\/#website","url":"https:\/\/franchezcapinzon.com\/cursos\/","name":"Cursos Franchezca Pinzon","description":"Plataforma de Cursos de Franchezca Pinzon","potentialAction":[{"@type":"SearchAction","target":{"@type":"EntryPoint","urlTemplate":"https:\/\/franchezcapinzon.com\/cursos\/?s={search_term_string}"},"query-input":"required name=search_term_string"}],"inLanguage":"es"},{"@type":"ImageObject","inLanguage":"es","@id":"https:\/\/franchezcapinzon.com\/cursos\/#primaryimage","url":"https:\/\/franchezcapinzon.com\/cursos\/wp-content\/uploads\/2018\/03\/DSC_0548.jpg","contentUrl":"https:\/\/franchezcapinzon.com\/cursos\/wp-content\/uploads\/2018\/03\/DSC_0548.jpg","width":1313,"height":876},{"@type":"WebPage","@id":"https:\/\/franchezcapinzon.com\/cursos\/#webpage","url":"https:\/\/franchezcapinzon.com\/cursos\/","name":"Cursos para manejo del Dolor en la Espalda","isPartOf":{"@id":"https:\/\/franchezcapinzon.com\/cursos\/#website"},"primaryImageOfPage":{"@id":"https:\/\/franchezcapinzon.com\/cursos\/#primaryimage"},"datePublished":"2018-04-03T14:33:54+00:00","dateModified":"2020-03-02T20:08:07+00:00","description":"Si sufre de dolor de espalda por estr\u00e9s, malas posturas del cuerpo o alguna otra afecci\u00f3n este curso le brindara mejoras en su calidad de vida. Reconexi\u00f3n Mente y Cuerpo.","breadcrumb":{"@id":"https:\/\/franchezcapinzon.com\/cursos\/#breadcrumb"},"inLanguage":"es","potentialAction":[{"@type":"ReadAction","target":["https:\/\/franchezcapinzon.com\/cursos\/"]}]},{"@type":"BreadcrumbList","@id":"https:\/\/franchezcapinzon.com\/cursos\/#breadcrumb","itemListElement":[{"@type":"ListItem","position":1,"name":"Portada","item":"https:\/\/franchezcapinzon.com\/cursos\/"},{"@type":"ListItem","position":2,"name":"Cursos Franchezca pinzon"}]}]}},"_links":{"self":[{"href":"https:\/\/franchezcapinzon.com\/cursos\/wp-json\/wp\/v2\/pages\/8013"}],"collection":[{"href":"https:\/\/franchezcapinzon.com\/cursos\/wp-json\/wp\/v2\/pages"}],"about":[{"href":"https:\/\/franchezcapinzon.com\/cursos\/wp-json\/wp\/v2\/types\/page"}],"author":[{"embeddable":true,"href":"https:\/\/franchezcapinzon.com\/cursos\/wp-json\/wp\/v2\/users\/1"}],"replies":[{"embeddable":true,"href":"https:\/\/franchezcapinzon.com\/cursos\/wp-json\/wp\/v2\/comments?post=8013"}],"version-history":[{"count":5,"href":"https:\/\/franchezcapinzon.com\/cursos\/wp-json\/wp\/v2\/pages\/8013\/revisions"}],"predecessor-version":[{"id":8029,"href":"https:\/\/franchezcapinzon.com\/cursos\/wp-json\/wp\/v2\/pages\/8013\/revisions\/8029"}],"wp:featuredmedia":[{"embeddable":true,"href":"https:\/\/franchezcapinzon.com\/cursos\/wp-json\/wp\/v2\/media\/7494"}],"wp:attachment":[{"href":"https:\/\/franchezcapinzon.com\/cursos\/wp-json\/wp\/v2\/media?parent=8013"}],"curies":[{"name":"wp","href":"https:\/\/api.w.org\/{rel}","templated":true}]}}