{"id":4524,"date":"2015-10-19T04:06:42","date_gmt":"2015-10-19T04:06:42","guid":{"rendered":"http:\/\/demo.thimpress.com\/eduma\/?page_id=8"},"modified":"2026-04-14T17:23:02","modified_gmt":"2026-04-14T23:23:02","slug":"mis-cursos","status":"publish","type":"page","link":"https:\/\/franchezcapinzon.com\/cursos\/mis-cursos\/","title":{"rendered":"Mis Cursos"},"content":{"rendered":"<div class=\"learnpress\">\n\n<div id=\"learn-press-profile\"  class=\"lp-user-profile guest no-bio-user\">\n\t\n\t\t\n \t\t<div class=\"lp-content-area\">\n\t\t\t\n\n<div class=\"learn-press-form-login learn-press-form\">\n\n\t<h3>Acceder<\/h3>\n\n\t\n\t<form name=\"learn-press-login\" method=\"post\" action=\"\">\n\n\t\t\n\t\t<ul class=\"form-fields\">\n\t\t\t<li class=\"form-field\">\n\t\t\t\t<label for=\"username\">Nombre de usuario o correo electr\u00f3nico&nbsp;<span class=\"required\">*<\/span><\/label>\n\t\t\t\t<input type=\"text\" name=\"username\" id=\"username\" placeholder=\"Correo electr\u00f3nico o nombre de usuario\" autocomplete=\"username\" \/>\n\t\t\t<\/li>\n\t\t\t<li class=\"form-field\">\n\t\t\t\t<label for=\"password\">Contrase\u00f1a&nbsp;<span class=\"required\">*<\/span><\/label>\n\t\t\t\t<input type=\"password\" name=\"password\" id=\"password\" placeholder=\"Contrase\u00f1a\" autocomplete=\"current-password\" \/>\n\t\t\t<\/li>\n\t\t<\/ul>\n\n\t\t\t\t<p>\n\t\t\t<label>\n\t\t\t\t<input type=\"checkbox\" name=\"rememberme\"\/>\n\t\t\t\tRecu\u00e9rdame\t\t\t<\/label>\n\t\t<\/p>\n\n\t\t\n\t\t<p>\n\t\t\t<input type=\"hidden\" name=\"learn-press-login-nonce\" value=\"f5961e238e\">\n\t\t\t<button type=\"submit\">Iniciar sesi\u00f3n<\/button>\n\t\t<\/p>\n\t\t<p>\n\t\t\t<a href=\"https:\/\/franchezcapinzon.com\/cursos\/wp-login.php?action=lostpassword\">\u00bfPerdiste tu contrase\u00f1a?<\/a>\n\t\t<\/p>\n\t<\/form>\n\n\t\n<\/div>\n\n<div class=\"learn-press-form-register learn-press-form\">\n\n\t<h3>Registro<\/h3>\n\n\t\n\t<form name=\"learn-press-register\" method=\"post\" action=\"\">\n\n\t\t<ul class=\"form-fields\">\n\n\t\t\t\n\t\t\t<li class=\"form-field\">\n\t\t\t\t<label for=\"reg_email\">Direcci\u00f3n de correo electr\u00f3nico&nbsp;<span class=\"required\">*<\/span><\/label>\n\t\t\t\t<input id =\"reg_email\" name=\"reg_email\" type=\"text\" placeholder=\"Correo electr\u00f3nico\" autocomplete=\"email\" value=\"\">\n\t\t\t<\/li>\n\t\t\t<li class=\"form-field\">\n\t\t\t\t<label for=\"reg_username\">Nombre de usuario&nbsp;<span class=\"required\">*<\/span><\/label>\n\t\t\t\t<input id =\"reg_username\" name=\"reg_username\" type=\"text\" placeholder=\"Nombre de usuario\" autocomplete=\"username\" value=\"\">\n\t\t\t<\/li>\n\t\t\t<li class=\"form-field\">\n\t\t\t\t<label for=\"reg_password\">Contrase\u00f1a&nbsp;<span class=\"required\">*<\/span><\/label>\n\t\t\t\t<input id =\"reg_password\" name=\"reg_password\" type=\"password\" placeholder=\"Contrase\u00f1a\" autocomplete=\"new-password\">\n\t\t\t<\/li>\n\t\t\t<li class=\"form-field\">\n\t\t\t\t<label for=\"reg_password2\">Confirmar la contrase\u00f1a&nbsp;<span class=\"required\">*<\/span><\/label>\n\t\t\t\t<input id =\"reg_password2\" name=\"reg_password2\" type=\"password\" placeholder=\"Contrase\u00f1a\" autocomplete=\"off\">\n\t\t\t<\/li>\n\n\t\t\t\t\n\t\t\t\t<\/ul>\n\n\t\t\n\t\t<p>\n\t\t\t<input type=\"hidden\" id=\"learn-press-register-nonce\" name=\"learn-press-register-nonce\" value=\"afaf8113a9\" \/><input type=\"hidden\" name=\"_wp_http_referer\" value=\"\/cursos\/wp-json\/wp\/v2\/pages\/4524\" \/>\t\t\t<button type=\"submit\">Registrarse<\/button>\n\t\t<\/p>\n\n\t<\/form>\n\n\t\n<\/div>\n\t\t<\/div>\n\t\n\t<\/div>\n<\/div>\n","protected":false},"excerpt":{"rendered":"Acceder Nombre de usuario o correo electr\u00f3nico&nbsp;* Contrase\u00f1a&nbsp;* Recu\u00e9rdame Iniciar sesi\u00f3n \u00bfPerdiste tu contrase\u00f1a? Registro Direcci\u00f3n de correo electr\u00f3nico&nbsp;* Nombre de usuario&nbsp;* Contrase\u00f1a&nbsp;* Confirmar la contrase\u00f1a&nbsp;* Registrarse","protected":false},"author":1,"featured_media":7494,"parent":0,"menu_order":0,"comment_status":"closed","ping_status":"closed","template":"","meta":{"_bbp_topic_count":0,"_bbp_reply_count":0,"_bbp_total_topic_count":0,"_bbp_total_reply_count":0,"_bbp_voice_count":0,"_bbp_anonymous_reply_count":0,"_bbp_topic_count_hidden":0,"_bbp_reply_count_hidden":0,"_bbp_forum_subforum_count":0},"yoast_head":"<!-- This site is optimized with the Yoast SEO plugin v19.1 - https:\/\/yoast.com\/wordpress\/plugins\/seo\/ -->\n<title>Franchezca Cursos Manejo del dolor de Espalda<\/title>\n<meta name=\"description\" content=\"Una serie de cursos te permtir\u00e1 mejorar tu estilo de vida mediante el manejor del dolor y el adecuado manejo del cuerpo para mitigar los mismos.\" \/>\n<meta name=\"robots\" content=\"index, follow, max-snippet:-1, max-image-preview:large, max-video-preview:-1\" \/>\n<link rel=\"canonical\" href=\"https:\/\/franchezcapinzon.com\/cursos\/mis-cursos\/\" \/>\n<meta property=\"og:locale\" content=\"es_ES\" \/>\n<meta property=\"og:type\" content=\"article\" \/>\n<meta property=\"og:title\" content=\"Franchezca Cursos Manejo del dolor de Espalda\" \/>\n<meta property=\"og:description\" content=\"Una serie de cursos te permtir\u00e1 mejorar tu estilo de vida mediante el manejor del dolor y el adecuado manejo del cuerpo para mitigar los mismos.\" \/>\n<meta property=\"og:url\" content=\"https:\/\/franchezcapinzon.com\/cursos\/mis-cursos\/\" \/>\n<meta property=\"og:site_name\" content=\"Cursos Franchezca Pinzon\" \/>\n<meta property=\"article:publisher\" content=\"https:\/\/franchezcapinzon.com\/\" \/>\n<meta property=\"article:modified_time\" content=\"2026-04-14T23:23:02+00:00\" \/>\n<meta property=\"og:image\" content=\"https:\/\/franchezcapinzon.com\/cursos\/wp-content\/uploads\/2018\/03\/DSC_0548.jpg\" \/>\n\t<meta property=\"og:image:width\" content=\"1313\" \/>\n\t<meta property=\"og:image:height\" content=\"876\" \/>\n\t<meta property=\"og:image:type\" content=\"image\/jpeg\" \/>\n<meta name=\"twitter:card\" content=\"summary_large_image\" \/>\n<script type=\"application\/ld+json\" class=\"yoast-schema-graph\">{\"@context\":\"https:\/\/schema.org\",\"@graph\":[{\"@type\":\"WebSite\",\"@id\":\"https:\/\/franchezcapinzon.com\/cursos\/#website\",\"url\":\"https:\/\/franchezcapinzon.com\/cursos\/\",\"name\":\"Cursos Franchezca Pinzon\",\"description\":\"Plataforma de Cursos de Franchezca Pinzon\",\"potentialAction\":[{\"@type\":\"SearchAction\",\"target\":{\"@type\":\"EntryPoint\",\"urlTemplate\":\"https:\/\/franchezcapinzon.com\/cursos\/?s={search_term_string}\"},\"query-input\":\"required name=search_term_string\"}],\"inLanguage\":\"es\"},{\"@type\":\"ImageObject\",\"inLanguage\":\"es\",\"@id\":\"https:\/\/franchezcapinzon.com\/cursos\/mis-cursos\/#primaryimage\",\"url\":\"https:\/\/franchezcapinzon.com\/cursos\/wp-content\/uploads\/2018\/03\/DSC_0548.jpg\",\"contentUrl\":\"https:\/\/franchezcapinzon.com\/cursos\/wp-content\/uploads\/2018\/03\/DSC_0548.jpg\",\"width\":1313,\"height\":876},{\"@type\":\"WebPage\",\"@id\":\"https:\/\/franchezcapinzon.com\/cursos\/mis-cursos\/#webpage\",\"url\":\"https:\/\/franchezcapinzon.com\/cursos\/mis-cursos\/\",\"name\":\"Franchezca Cursos Manejo del dolor de Espalda\",\"isPartOf\":{\"@id\":\"https:\/\/franchezcapinzon.com\/cursos\/#website\"},\"primaryImageOfPage\":{\"@id\":\"https:\/\/franchezcapinzon.com\/cursos\/mis-cursos\/#primaryimage\"},\"datePublished\":\"2015-10-19T04:06:42+00:00\",\"dateModified\":\"2026-04-14T23:23:02+00:00\",\"description\":\"Una serie de cursos te permtir\u00e1 mejorar tu estilo de vida mediante el manejor del dolor y el adecuado manejo del cuerpo para mitigar los mismos.\",\"breadcrumb\":{\"@id\":\"https:\/\/franchezcapinzon.com\/cursos\/mis-cursos\/#breadcrumb\"},\"inLanguage\":\"es\",\"potentialAction\":[{\"@type\":\"ReadAction\",\"target\":[\"https:\/\/franchezcapinzon.com\/cursos\/mis-cursos\/\"]}]},{\"@type\":\"BreadcrumbList\",\"@id\":\"https:\/\/franchezcapinzon.com\/cursos\/mis-cursos\/#breadcrumb\",\"itemListElement\":[{\"@type\":\"ListItem\",\"position\":1,\"name\":\"Portada\",\"item\":\"https:\/\/franchezcapinzon.com\/cursos\/\"},{\"@type\":\"ListItem\",\"position\":2,\"name\":\"Mis Cursos\"}]}]}<\/script>\n<!-- \/ Yoast SEO plugin. -->","yoast_head_json":{"title":"Franchezca Cursos Manejo del dolor de Espalda","description":"Una serie de cursos te permtir\u00e1 mejorar tu estilo de vida mediante el manejor del dolor y el adecuado manejo del cuerpo para mitigar los mismos.","robots":{"index":"index","follow":"follow","max-snippet":"max-snippet:-1","max-image-preview":"max-image-preview:large","max-video-preview":"max-video-preview:-1"},"canonical":"https:\/\/franchezcapinzon.com\/cursos\/mis-cursos\/","og_locale":"es_ES","og_type":"article","og_title":"Franchezca Cursos Manejo del dolor de Espalda","og_description":"Una serie de cursos te permtir\u00e1 mejorar tu estilo de vida mediante el manejor del dolor y el adecuado manejo del cuerpo para mitigar los mismos.","og_url":"https:\/\/franchezcapinzon.com\/cursos\/mis-cursos\/","og_site_name":"Cursos Franchezca Pinzon","article_publisher":"https:\/\/franchezcapinzon.com\/","article_modified_time":"2026-04-14T23:23:02+00:00","og_image":[{"width":1313,"height":876,"url":"https:\/\/franchezcapinzon.com\/cursos\/wp-content\/uploads\/2018\/03\/DSC_0548.jpg","type":"image\/jpeg"}],"twitter_card":"summary_large_image","schema":{"@context":"https:\/\/schema.org","@graph":[{"@type":"WebSite","@id":"https:\/\/franchezcapinzon.com\/cursos\/#website","url":"https:\/\/franchezcapinzon.com\/cursos\/","name":"Cursos Franchezca Pinzon","description":"Plataforma de Cursos de Franchezca Pinzon","potentialAction":[{"@type":"SearchAction","target":{"@type":"EntryPoint","urlTemplate":"https:\/\/franchezcapinzon.com\/cursos\/?s={search_term_string}"},"query-input":"required name=search_term_string"}],"inLanguage":"es"},{"@type":"ImageObject","inLanguage":"es","@id":"https:\/\/franchezcapinzon.com\/cursos\/mis-cursos\/#primaryimage","url":"https:\/\/franchezcapinzon.com\/cursos\/wp-content\/uploads\/2018\/03\/DSC_0548.jpg","contentUrl":"https:\/\/franchezcapinzon.com\/cursos\/wp-content\/uploads\/2018\/03\/DSC_0548.jpg","width":1313,"height":876},{"@type":"WebPage","@id":"https:\/\/franchezcapinzon.com\/cursos\/mis-cursos\/#webpage","url":"https:\/\/franchezcapinzon.com\/cursos\/mis-cursos\/","name":"Franchezca Cursos Manejo del dolor de Espalda","isPartOf":{"@id":"https:\/\/franchezcapinzon.com\/cursos\/#website"},"primaryImageOfPage":{"@id":"https:\/\/franchezcapinzon.com\/cursos\/mis-cursos\/#primaryimage"},"datePublished":"2015-10-19T04:06:42+00:00","dateModified":"2026-04-14T23:23:02+00:00","description":"Una serie de cursos te permtir\u00e1 mejorar tu estilo de vida mediante el manejor del dolor y el adecuado manejo del cuerpo para mitigar los mismos.","breadcrumb":{"@id":"https:\/\/franchezcapinzon.com\/cursos\/mis-cursos\/#breadcrumb"},"inLanguage":"es","potentialAction":[{"@type":"ReadAction","target":["https:\/\/franchezcapinzon.com\/cursos\/mis-cursos\/"]}]},{"@type":"BreadcrumbList","@id":"https:\/\/franchezcapinzon.com\/cursos\/mis-cursos\/#breadcrumb","itemListElement":[{"@type":"ListItem","position":1,"name":"Portada","item":"https:\/\/franchezcapinzon.com\/cursos\/"},{"@type":"ListItem","position":2,"name":"Mis Cursos"}]}]}},"_links":{"self":[{"href":"https:\/\/franchezcapinzon.com\/cursos\/wp-json\/wp\/v2\/pages\/4524"}],"collection":[{"href":"https:\/\/franchezcapinzon.com\/cursos\/wp-json\/wp\/v2\/pages"}],"about":[{"href":"https:\/\/franchezcapinzon.com\/cursos\/wp-json\/wp\/v2\/types\/page"}],"author":[{"embeddable":true,"href":"https:\/\/franchezcapinzon.com\/cursos\/wp-json\/wp\/v2\/users\/1"}],"replies":[{"embeddable":true,"href":"https:\/\/franchezcapinzon.com\/cursos\/wp-json\/wp\/v2\/comments?post=4524"}],"version-history":[{"count":6,"href":"https:\/\/franchezcapinzon.com\/cursos\/wp-json\/wp\/v2\/pages\/4524\/revisions"}],"predecessor-version":[{"id":8323,"href":"https:\/\/franchezcapinzon.com\/cursos\/wp-json\/wp\/v2\/pages\/4524\/revisions\/8323"}],"wp:featuredmedia":[{"embeddable":true,"href":"https:\/\/franchezcapinzon.com\/cursos\/wp-json\/wp\/v2\/media\/7494"}],"wp:attachment":[{"href":"https:\/\/franchezcapinzon.com\/cursos\/wp-json\/wp\/v2\/media?parent=4524"}],"curies":[{"name":"wp","href":"https:\/\/api.w.org\/{rel}","templated":true}]}}